{"id":60,"date":"2020-10-06T14:15:01","date_gmt":"2020-10-06T17:15:01","guid":{"rendered":"https:\/\/www-hml.marelli.com.br\/?page_id=60"},"modified":"2025-01-21T08:43:25","modified_gmt":"2025-01-21T11:43:25","slug":"es","status":"publish","type":"page","link":"https:\/\/www-hml.marelli.com.br\/es\/","title":{"rendered":"Homepage"},"content":{"rendered":"","protected":false},"excerpt":{"rendered":"","protected":false},"author":1,"featured_media":0,"parent":0,"menu_order":0,"comment_status":"closed","ping_status":"closed","template":"template-pages\/home.php","meta":{"_acf_changed":false,"footnotes":""},"class_list":["post-60","page","type-page","status-publish","hentry"],"acf":[],"yoast_head":"<!-- This site is optimized with the Yoast SEO plugin v27.0 - https:\/\/yoast.com\/product\/yoast-seo-wordpress\/ -->\n<title>Homepage - Marelli<\/title>\n<meta name=\"description\" content=\"\u00bfBuscas mobiliario de oficina para entornos corporativos?Marelli es una referencia en dise\u00f1o, ergonom\u00eda y comodidad desde hace m\u00e1s de 37 a\u00f1os.\" \/>\n<meta name=\"robots\" content=\"index, follow, max-snippet:-1, max-image-preview:large, max-video-preview:-1\" \/>\n<link rel=\"canonical\" href=\"https:\/\/www-hml.marelli.com.br\/es\/\" \/>\n<meta property=\"og:locale\" content=\"es_ES\" \/>\n<meta property=\"og:type\" content=\"article\" \/>\n<meta property=\"og:title\" content=\"Homepage - Marelli\" \/>\n<meta property=\"og:description\" content=\"\u00bfBuscas mobiliario de oficina para entornos corporativos?Marelli es una referencia en dise\u00f1o, ergonom\u00eda y comodidad desde hace m\u00e1s de 37 a\u00f1os.\" \/>\n<meta property=\"og:url\" content=\"https:\/\/www.marelli.com.br\/es\/\" \/>\n<meta property=\"og:site_name\" content=\"Marelli\" \/>\n<meta property=\"article:modified_time\" content=\"2025-01-21T11:43:25+00:00\" \/>\n<meta name=\"twitter:card\" content=\"summary_large_image\" \/>\n<script type=\"application\/ld+json\" class=\"yoast-schema-graph\">{\"@context\":\"https:\/\/schema.org\",\"@graph\":[{\"@type\":\"WebPage\",\"@id\":\"https:\/\/www.marelli.com.br\/es\/\",\"url\":\"https:\/\/www.marelli.com.br\/es\/\",\"name\":\"Homepage - Marelli\",\"isPartOf\":{\"@id\":\"https:\/\/www.marelli.com.br\/#website\"},\"datePublished\":\"2020-10-06T17:15:01+00:00\",\"dateModified\":\"2025-01-21T11:43:25+00:00\",\"description\":\"\u00bfBuscas mobiliario de oficina para entornos corporativos?Marelli es una referencia en dise\u00f1o, ergonom\u00eda y comodidad desde hace m\u00e1s de 37 a\u00f1os.\",\"breadcrumb\":{\"@id\":\"https:\/\/www.marelli.com.br\/es\/#breadcrumb\"},\"inLanguage\":\"es-ES\",\"potentialAction\":[{\"@type\":\"ReadAction\",\"target\":[\"https:\/\/www.marelli.com.br\/es\/\"]}]},{\"@type\":\"BreadcrumbList\",\"@id\":\"https:\/\/www.marelli.com.br\/es\/#breadcrumb\",\"itemListElement\":[{\"@type\":\"ListItem\",\"position\":1,\"name\":\"Home\",\"item\":\"https:\/\/www.marelli.com.br\/es\/\"},{\"@type\":\"ListItem\",\"position\":2,\"name\":\"Homepage\"}]},{\"@type\":\"WebSite\",\"@id\":\"https:\/\/www.marelli.com.br\/#website\",\"url\":\"https:\/\/www.marelli.com.br\/\",\"name\":\"Marelli\",\"description\":\"H\u00e1 mais de 37 anos desenvolvendo solu\u00e7\u00f5es inovadoras de mobili\u00e1rio corporativo com design e ergonomia.\",\"potentialAction\":[{\"@type\":\"SearchAction\",\"target\":{\"@type\":\"EntryPoint\",\"urlTemplate\":\"https:\/\/www.marelli.com.br\/?s={search_term_string}\"},\"query-input\":{\"@type\":\"PropertyValueSpecification\",\"valueRequired\":true,\"valueName\":\"search_term_string\"}}],\"inLanguage\":\"es-ES\"}]}<\/script>\n<!-- \/ Yoast SEO plugin. -->","yoast_head_json":{"title":"Homepage - Marelli","description":"\u00bfBuscas mobiliario de oficina para entornos corporativos?Marelli es una referencia en dise\u00f1o, ergonom\u00eda y comodidad desde hace m\u00e1s de 37 a\u00f1os.","robots":{"index":"index","follow":"follow","max-snippet":"max-snippet:-1","max-image-preview":"max-image-preview:large","max-video-preview":"max-video-preview:-1"},"canonical":"https:\/\/www-hml.marelli.com.br\/es\/","og_locale":"es_ES","og_type":"article","og_title":"Homepage - Marelli","og_description":"\u00bfBuscas mobiliario de oficina para entornos corporativos?Marelli es una referencia en dise\u00f1o, ergonom\u00eda y comodidad desde hace m\u00e1s de 37 a\u00f1os.","og_url":"https:\/\/www.marelli.com.br\/es\/","og_site_name":"Marelli","article_modified_time":"2025-01-21T11:43:25+00:00","twitter_card":"summary_large_image","schema":{"@context":"https:\/\/schema.org","@graph":[{"@type":"WebPage","@id":"https:\/\/www.marelli.com.br\/es\/","url":"https:\/\/www.marelli.com.br\/es\/","name":"Homepage - Marelli","isPartOf":{"@id":"https:\/\/www.marelli.com.br\/#website"},"datePublished":"2020-10-06T17:15:01+00:00","dateModified":"2025-01-21T11:43:25+00:00","description":"\u00bfBuscas mobiliario de oficina para entornos corporativos?Marelli es una referencia en dise\u00f1o, ergonom\u00eda y comodidad desde hace m\u00e1s de 37 a\u00f1os.","breadcrumb":{"@id":"https:\/\/www.marelli.com.br\/es\/#breadcrumb"},"inLanguage":"es-ES","potentialAction":[{"@type":"ReadAction","target":["https:\/\/www.marelli.com.br\/es\/"]}]},{"@type":"BreadcrumbList","@id":"https:\/\/www.marelli.com.br\/es\/#breadcrumb","itemListElement":[{"@type":"ListItem","position":1,"name":"Home","item":"https:\/\/www.marelli.com.br\/es\/"},{"@type":"ListItem","position":2,"name":"Homepage"}]},{"@type":"WebSite","@id":"https:\/\/www.marelli.com.br\/#website","url":"https:\/\/www.marelli.com.br\/","name":"Marelli","description":"H\u00e1 mais de 37 anos desenvolvendo solu\u00e7\u00f5es inovadoras de mobili\u00e1rio corporativo com design e ergonomia.","potentialAction":[{"@type":"SearchAction","target":{"@type":"EntryPoint","urlTemplate":"https:\/\/www.marelli.com.br\/?s={search_term_string}"},"query-input":{"@type":"PropertyValueSpecification","valueRequired":true,"valueName":"search_term_string"}}],"inLanguage":"es-ES"}]}},"_links":{"self":[{"href":"https:\/\/www-hml.marelli.com.br\/es\/wp-json\/wp\/v2\/pages\/60","targetHints":{"allow":["GET"]}}],"collection":[{"href":"https:\/\/www-hml.marelli.com.br\/es\/wp-json\/wp\/v2\/pages"}],"about":[{"href":"https:\/\/www-hml.marelli.com.br\/es\/wp-json\/wp\/v2\/types\/page"}],"author":[{"embeddable":true,"href":"https:\/\/www-hml.marelli.com.br\/es\/wp-json\/wp\/v2\/users\/1"}],"replies":[{"embeddable":true,"href":"https:\/\/www-hml.marelli.com.br\/es\/wp-json\/wp\/v2\/comments?post=60"}],"version-history":[{"count":27,"href":"https:\/\/www-hml.marelli.com.br\/es\/wp-json\/wp\/v2\/pages\/60\/revisions"}],"predecessor-version":[{"id":8428,"href":"https:\/\/www-hml.marelli.com.br\/es\/wp-json\/wp\/v2\/pages\/60\/revisions\/8428"}],"wp:attachment":[{"href":"https:\/\/www-hml.marelli.com.br\/es\/wp-json\/wp\/v2\/media?parent=60"}],"curies":[{"name":"wp","href":"https:\/\/api.w.org\/{rel}","templated":true}]}}