{"id":434,"date":"2020-10-01T19:00:28","date_gmt":"2020-10-01T22:00:28","guid":{"rendered":"https:\/\/www-hml.marelli.com.br\/in-store\/"},"modified":"2024-11-11T17:51:40","modified_gmt":"2024-11-11T20:51:40","slug":"in-store","status":"publish","type":"page","link":"https:\/\/www-hml.marelli.com.br\/es\/in-store\/","title":{"rendered":"Experiencia In-Store Marelli"},"content":{"rendered":"","protected":false},"excerpt":{"rendered":"","protected":false},"author":1,"featured_media":624,"parent":0,"menu_order":0,"comment_status":"closed","ping_status":"closed","template":"template-pages\/in-store.php","meta":{"_acf_changed":false,"footnotes":""},"class_list":["post-434","page","type-page","status-publish","has-post-thumbnail","hentry"],"acf":[],"yoast_head":"<!-- This site is optimized with the Yoast SEO plugin v27.0 - https:\/\/yoast.com\/product\/yoast-seo-wordpress\/ -->\n<title>Experiencia In-Store Marelli - Marelli<\/title>\n<meta name=\"description\" content=\"Acceda y obtenga m\u00e1s informaci\u00f3n sobre la experiencia In-Store Marelli.\" \/>\n<meta name=\"robots\" content=\"noindex, follow\" \/>\n<meta property=\"og:locale\" content=\"es_ES\" \/>\n<meta property=\"og:type\" content=\"article\" \/>\n<meta property=\"og:title\" content=\"Experiencia In-Store Marelli - Marelli\" \/>\n<meta property=\"og:description\" content=\"Acceda y obtenga m\u00e1s informaci\u00f3n sobre la experiencia In-Store Marelli.\" \/>\n<meta property=\"og:url\" content=\"https:\/\/www.marelli.com.br\/es\/in-store\/\" \/>\n<meta property=\"og:site_name\" content=\"Marelli\" \/>\n<meta property=\"article:modified_time\" content=\"2024-11-11T20:51:40+00:00\" \/>\n<meta property=\"og:image\" content=\"https:\/\/www.marelli.com.br\/wp-content\/uploads\/2020\/12\/instore.jpg\" \/>\n\t<meta property=\"og:image:width\" content=\"1440\" \/>\n\t<meta property=\"og:image:height\" content=\"961\" \/>\n\t<meta property=\"og:image:type\" content=\"image\/jpeg\" \/>\n<meta name=\"twitter:card\" content=\"summary_large_image\" \/>\n<script type=\"application\/ld+json\" class=\"yoast-schema-graph\">{\"@context\":\"https:\/\/schema.org\",\"@graph\":[{\"@type\":\"WebPage\",\"@id\":\"https:\/\/www.marelli.com.br\/es\/in-store\/\",\"url\":\"https:\/\/www.marelli.com.br\/es\/in-store\/\",\"name\":\"Experiencia In-Store Marelli - Marelli\",\"isPartOf\":{\"@id\":\"https:\/\/www.marelli.com.br\/#website\"},\"primaryImageOfPage\":{\"@id\":\"https:\/\/www.marelli.com.br\/es\/in-store\/#primaryimage\"},\"image\":{\"@id\":\"https:\/\/www.marelli.com.br\/es\/in-store\/#primaryimage\"},\"thumbnailUrl\":\"https:\/\/www-hml.marelli.com.br\/wp-content\/uploads\/2020\/12\/instore.jpg\",\"datePublished\":\"2020-10-01T22:00:28+00:00\",\"dateModified\":\"2024-11-11T20:51:40+00:00\",\"description\":\"Acceda y obtenga m\u00e1s informaci\u00f3n sobre la experiencia In-Store Marelli.\",\"breadcrumb\":{\"@id\":\"https:\/\/www.marelli.com.br\/es\/in-store\/#breadcrumb\"},\"inLanguage\":\"es-ES\",\"potentialAction\":[{\"@type\":\"ReadAction\",\"target\":[\"https:\/\/www.marelli.com.br\/es\/in-store\/\"]}]},{\"@type\":\"ImageObject\",\"inLanguage\":\"es-ES\",\"@id\":\"https:\/\/www.marelli.com.br\/es\/in-store\/#primaryimage\",\"url\":\"https:\/\/www-hml.marelli.com.br\/wp-content\/uploads\/2020\/12\/instore.jpg\",\"contentUrl\":\"https:\/\/www-hml.marelli.com.br\/wp-content\/uploads\/2020\/12\/instore.jpg\",\"width\":1440,\"height\":961},{\"@type\":\"BreadcrumbList\",\"@id\":\"https:\/\/www.marelli.com.br\/es\/in-store\/#breadcrumb\",\"itemListElement\":[{\"@type\":\"ListItem\",\"position\":1,\"name\":\"Home\",\"item\":\"https:\/\/www.marelli.com.br\/es\/\"},{\"@type\":\"ListItem\",\"position\":2,\"name\":\"Experiencia In-Store Marelli\"}]},{\"@type\":\"WebSite\",\"@id\":\"https:\/\/www.marelli.com.br\/#website\",\"url\":\"https:\/\/www.marelli.com.br\/\",\"name\":\"Marelli\",\"description\":\"H\u00e1 mais de 37 anos desenvolvendo solu\u00e7\u00f5es inovadoras de mobili\u00e1rio corporativo com design e ergonomia.\",\"potentialAction\":[{\"@type\":\"SearchAction\",\"target\":{\"@type\":\"EntryPoint\",\"urlTemplate\":\"https:\/\/www.marelli.com.br\/?s={search_term_string}\"},\"query-input\":{\"@type\":\"PropertyValueSpecification\",\"valueRequired\":true,\"valueName\":\"search_term_string\"}}],\"inLanguage\":\"es-ES\"}]}<\/script>\n<!-- \/ Yoast SEO plugin. -->","yoast_head_json":{"title":"Experiencia In-Store Marelli - Marelli","description":"Acceda y obtenga m\u00e1s informaci\u00f3n sobre la experiencia In-Store Marelli.","robots":{"index":"noindex","follow":"follow"},"og_locale":"es_ES","og_type":"article","og_title":"Experiencia In-Store Marelli - Marelli","og_description":"Acceda y obtenga m\u00e1s informaci\u00f3n sobre la experiencia In-Store Marelli.","og_url":"https:\/\/www.marelli.com.br\/es\/in-store\/","og_site_name":"Marelli","article_modified_time":"2024-11-11T20:51:40+00:00","og_image":[{"width":1440,"height":961,"url":"https:\/\/www.marelli.com.br\/wp-content\/uploads\/2020\/12\/instore.jpg","type":"image\/jpeg"}],"twitter_card":"summary_large_image","schema":{"@context":"https:\/\/schema.org","@graph":[{"@type":"WebPage","@id":"https:\/\/www.marelli.com.br\/es\/in-store\/","url":"https:\/\/www.marelli.com.br\/es\/in-store\/","name":"Experiencia In-Store Marelli - Marelli","isPartOf":{"@id":"https:\/\/www.marelli.com.br\/#website"},"primaryImageOfPage":{"@id":"https:\/\/www.marelli.com.br\/es\/in-store\/#primaryimage"},"image":{"@id":"https:\/\/www.marelli.com.br\/es\/in-store\/#primaryimage"},"thumbnailUrl":"https:\/\/www-hml.marelli.com.br\/wp-content\/uploads\/2020\/12\/instore.jpg","datePublished":"2020-10-01T22:00:28+00:00","dateModified":"2024-11-11T20:51:40+00:00","description":"Acceda y obtenga m\u00e1s informaci\u00f3n sobre la experiencia In-Store Marelli.","breadcrumb":{"@id":"https:\/\/www.marelli.com.br\/es\/in-store\/#breadcrumb"},"inLanguage":"es-ES","potentialAction":[{"@type":"ReadAction","target":["https:\/\/www.marelli.com.br\/es\/in-store\/"]}]},{"@type":"ImageObject","inLanguage":"es-ES","@id":"https:\/\/www.marelli.com.br\/es\/in-store\/#primaryimage","url":"https:\/\/www-hml.marelli.com.br\/wp-content\/uploads\/2020\/12\/instore.jpg","contentUrl":"https:\/\/www-hml.marelli.com.br\/wp-content\/uploads\/2020\/12\/instore.jpg","width":1440,"height":961},{"@type":"BreadcrumbList","@id":"https:\/\/www.marelli.com.br\/es\/in-store\/#breadcrumb","itemListElement":[{"@type":"ListItem","position":1,"name":"Home","item":"https:\/\/www.marelli.com.br\/es\/"},{"@type":"ListItem","position":2,"name":"Experiencia In-Store Marelli"}]},{"@type":"WebSite","@id":"https:\/\/www.marelli.com.br\/#website","url":"https:\/\/www.marelli.com.br\/","name":"Marelli","description":"H\u00e1 mais de 37 anos desenvolvendo solu\u00e7\u00f5es inovadoras de mobili\u00e1rio corporativo com design e ergonomia.","potentialAction":[{"@type":"SearchAction","target":{"@type":"EntryPoint","urlTemplate":"https:\/\/www.marelli.com.br\/?s={search_term_string}"},"query-input":{"@type":"PropertyValueSpecification","valueRequired":true,"valueName":"search_term_string"}}],"inLanguage":"es-ES"}]}},"_links":{"self":[{"href":"https:\/\/www-hml.marelli.com.br\/es\/wp-json\/wp\/v2\/pages\/434","targetHints":{"allow":["GET"]}}],"collection":[{"href":"https:\/\/www-hml.marelli.com.br\/es\/wp-json\/wp\/v2\/pages"}],"about":[{"href":"https:\/\/www-hml.marelli.com.br\/es\/wp-json\/wp\/v2\/types\/page"}],"author":[{"embeddable":true,"href":"https:\/\/www-hml.marelli.com.br\/es\/wp-json\/wp\/v2\/users\/1"}],"replies":[{"embeddable":true,"href":"https:\/\/www-hml.marelli.com.br\/es\/wp-json\/wp\/v2\/comments?post=434"}],"version-history":[{"count":9,"href":"https:\/\/www-hml.marelli.com.br\/es\/wp-json\/wp\/v2\/pages\/434\/revisions"}],"predecessor-version":[{"id":3081,"href":"https:\/\/www-hml.marelli.com.br\/es\/wp-json\/wp\/v2\/pages\/434\/revisions\/3081"}],"wp:featuredmedia":[{"embeddable":true,"href":"https:\/\/www-hml.marelli.com.br\/es\/wp-json\/wp\/v2\/media\/624"}],"wp:attachment":[{"href":"https:\/\/www-hml.marelli.com.br\/es\/wp-json\/wp\/v2\/media?parent=434"}],"curies":[{"name":"wp","href":"https:\/\/api.w.org\/{rel}","templated":true}]}}